{"id":2468,"date":"2024-02-23T21:17:12","date_gmt":"2024-02-23T20:17:12","guid":{"rendered":"https:\/\/ubf-esbc.org\/2024\/?page_id=2468"},"modified":"2024-02-25T20:45:19","modified_gmt":"2024-02-25T19:45:19","slug":"faq","status":"publish","type":"page","link":"https:\/\/ubf-esbc.org\/2024\/de\/faq\/","title":{"rendered":"FAQ"},"content":{"rendered":"<style>#sp-ea-2355 .spcollapsing { height: 0; overflow: hidden; transition-property: height;transition-duration: 300ms;}#sp-ea-2355.sp-easy-accordion>.sp-ea-single {margin-bottom: 0px; border: 1px solid rgba(0,0,0,0.5); }#sp-ea-2355.sp-easy-accordion>.sp-ea-single>.ea-header a {color: #000000;}#sp-ea-2355.sp-easy-accordion>.sp-ea-single>.sp-collapse>.ea-body {background: #fff; color: rgba(0,0,0,0.77);}#sp-ea-2355.sp-easy-accordion>.sp-ea-single {background: #f0bd59;}#sp-ea-2355.sp-easy-accordion>.sp-ea-single>.ea-header a .ea-expand-icon { float: right; color: #000000;font-size: 20px;}#sp-ea-2355.sp-easy-accordion>.sp-ea-single>.ea-header a .ea-expand-icon {margin-right: 0;}<\/style><div id=\"sp_easy_accordion-1703249595\"><div id=\"sp-ea-2355\" class=\"sp-ea-one sp-easy-accordion\" data-ea-active=\"ea-click\" data-ea-mode=\"vertical\" data-preloader=\"\" data-scroll-active-item=\"\" data-offset-to-scroll=\"0\"><div class=\"ea-card sp-ea-single\"><h3 class=\"ea-header\"><a class=\"collapsed\" id=\"ea-header-23550\" role=\"button\" data-sptoggle=\"spcollapse\" data-sptarget=\"#collapse23550\" aria-controls=\"collapse23550\" href=\"#\" aria-expanded=\"false\" tabindex=\"0\"><i aria-hidden=\"true\" role=\"presentation\" class=\"ea-expand-icon eap-icon-ea-expand-plus\"><\/i> Was bedeutet ESBC?<\/a><\/h3><div class=\"sp-collapse spcollapse spcollapse\" id=\"collapse23550\" data-parent=\"#sp-ea-2355\" role=\"region\" aria-labelledby=\"ea-header-23550\"> <div class=\"ea-body\"><p>ESBC steht f\u00fcr European Summer Bible Conference (Europ\u00e4ische Sommer-<br \/>Bibelkonferenz). Es ist eine gro\u00dfe Versammlung der Universit\u00e4t Bibel Freundschaft, bei der relevante Lebensaspekte aus biblischer Sicht beleuchtet werden. Die ESBC findet alle 5 Jahre statt.<\/p><\/div><\/div><\/div><div class=\"ea-card sp-ea-single\"><h3 class=\"ea-header\"><a class=\"collapsed\" id=\"ea-header-23551\" role=\"button\" data-sptoggle=\"spcollapse\" data-sptarget=\"#collapse23551\" aria-controls=\"collapse23551\" href=\"#\" aria-expanded=\"false\" tabindex=\"0\"><i aria-hidden=\"true\" role=\"presentation\" class=\"ea-expand-icon eap-icon-ea-expand-plus\"><\/i> Wann und wo wird die ESBC 2024 stattfinden?<\/a><\/h3><div class=\"sp-collapse spcollapse spcollapse\" id=\"collapse23551\" data-parent=\"#sp-ea-2355\" role=\"region\" aria-labelledby=\"ea-header-23551\"> <div class=\"ea-body\"><p>Die ESBC 2024 ist am 1. \u2013 4. August in Prag, Tschechische Republik.<\/p><\/div><\/div><\/div><div class=\"ea-card sp-ea-single\"><h3 class=\"ea-header\"><a class=\"collapsed\" id=\"ea-header-23552\" role=\"button\" data-sptoggle=\"spcollapse\" data-sptarget=\"#collapse23552\" aria-controls=\"collapse23552\" href=\"#\" aria-expanded=\"false\" tabindex=\"0\"><i aria-hidden=\"true\" role=\"presentation\" class=\"ea-expand-icon eap-icon-ea-expand-plus\"><\/i> Wo findet die ESBC statt?<\/a><\/h3><div class=\"sp-collapse spcollapse spcollapse\" id=\"collapse23552\" data-parent=\"#sp-ea-2355\" role=\"region\" aria-labelledby=\"ea-header-23552\"> <div class=\"ea-body\"><p>In Prag in der Tschechischen Republik.<\/p><\/div><\/div><\/div><div class=\"ea-card sp-ea-single\"><h3 class=\"ea-header\"><a class=\"collapsed\" id=\"ea-header-23553\" role=\"button\" data-sptoggle=\"spcollapse\" data-sptarget=\"#collapse23553\" aria-controls=\"collapse23553\" href=\"#\" aria-expanded=\"false\" tabindex=\"0\"><i aria-hidden=\"true\" role=\"presentation\" class=\"ea-expand-icon eap-icon-ea-expand-plus\"><\/i> Kann ich meine Kinder mitbringen?<\/a><\/h3><div class=\"sp-collapse spcollapse spcollapse\" id=\"collapse23553\" data-parent=\"#sp-ea-2355\" role=\"region\" aria-labelledby=\"ea-header-23553\"> <div class=\"ea-body\"><p>Ja, es gibt ein Programm f\u00fcr Kinder. Bitte lies <a href=\"https:\/\/ubf-esbc.org\/2024\/links\/cbf\">folgende Info<\/a>.<\/p><\/div><\/div><\/div><div class=\"ea-card sp-ea-single\"><h3 class=\"ea-header\"><a class=\"collapsed\" id=\"ea-header-23554\" role=\"button\" data-sptoggle=\"spcollapse\" data-sptarget=\"#collapse23554\" aria-controls=\"collapse23554\" href=\"#\" aria-expanded=\"false\" tabindex=\"0\"><i aria-hidden=\"true\" role=\"presentation\" class=\"ea-expand-icon eap-icon-ea-expand-plus\"><\/i> Kann ich meine Zimmergenossen aussuchen?<\/a><\/h3><div class=\"sp-collapse spcollapse spcollapse\" id=\"collapse23554\" data-parent=\"#sp-ea-2355\" role=\"region\" aria-labelledby=\"ea-header-23554\"> <div class=\"ea-body\"><p>Wenn du dich zur Konferenz anmeldest, kannst du darum bitten, mit einer<br \/>bestimmten Person zusammen ein Zimmer zu erhalten. Dieser Wunsch wird nach M\u00f6glichkeit gew\u00e4hrt. Der Konferenzort hat vorwiegend 2-Bett-Zimmer. Bei Bedarf kann ein Zusatzbett f\u00fcr einen minderj\u00e4hrigen Teilnehmer aufgestellt werden.<\/p><p><a href=\"https:\/\/ubf-esbc.org\/2024\/infos\/?uid=43&amp;mod=document&amp;pageid=1\">How to register for the Conference<\/a><br \/><a href=\"https:\/\/ubf-esbc.org\/2024\/infos\/?uid=44&amp;mod=document&amp;pageid=1\">How to update or add my conference data<\/a><\/p><\/div><\/div><\/div><div class=\"ea-card sp-ea-single\"><h3 class=\"ea-header\"><a class=\"collapsed\" id=\"ea-header-23555\" role=\"button\" data-sptoggle=\"spcollapse\" data-sptarget=\"#collapse23555\" aria-controls=\"collapse23555\" href=\"#\" aria-expanded=\"false\" tabindex=\"0\"><i aria-hidden=\"true\" role=\"presentation\" class=\"ea-expand-icon eap-icon-ea-expand-plus\"><\/i> Kann ich WLAN nutzen?<\/a><\/h3><div class=\"sp-collapse spcollapse spcollapse\" id=\"collapse23555\" data-parent=\"#sp-ea-2355\" role=\"region\" aria-labelledby=\"ea-header-23555\"> <div class=\"ea-body\"><p>Ja, alle Teilnehmer haben Zugang zum WLAN des Konferenzhotels.<\/p><\/div><\/div><\/div><div class=\"ea-card sp-ea-single\"><h3 class=\"ea-header\"><a class=\"collapsed\" id=\"ea-header-23556\" role=\"button\" data-sptoggle=\"spcollapse\" data-sptarget=\"#collapse23556\" aria-controls=\"collapse23556\" href=\"#\" aria-expanded=\"false\" tabindex=\"0\"><i aria-hidden=\"true\" role=\"presentation\" class=\"ea-expand-icon eap-icon-ea-expand-plus\"><\/i> Kann ich mit Kreditkarte zahlen?<\/a><\/h3><div class=\"sp-collapse spcollapse spcollapse\" id=\"collapse23556\" data-parent=\"#sp-ea-2355\" role=\"region\" aria-labelledby=\"ea-header-23556\"> <div class=\"ea-body\"><p>Leider nein. Bitte f\u00fchre eine (internationale) \u00dcberweisung auf das Konto der UBF Prag durch. Bitte lies:<\/p><p><a href=\"https:\/\/ubf-esbc.org\/2024\/infos\/?uid=45&amp;mod=document&amp;pageid=1\">How to order<\/a><br \/><a href=\"https:\/\/ubf-esbc.org\/2024\/infos\/?uid=53&amp;mod=document&amp;pageid=1\">How to pay<\/a><\/p><\/div><\/div><\/div><div class=\"ea-card sp-ea-single\"><h3 class=\"ea-header\"><a class=\"collapsed\" id=\"ea-header-23557\" role=\"button\" data-sptoggle=\"spcollapse\" data-sptarget=\"#collapse23557\" aria-controls=\"collapse23557\" href=\"#\" aria-expanded=\"false\" tabindex=\"0\"><i aria-hidden=\"true\" role=\"presentation\" class=\"ea-expand-icon eap-icon-ea-expand-plus\"><\/i> Wird es eine \u201cworship night\u201d geben?<\/a><\/h3><div class=\"sp-collapse spcollapse spcollapse\" id=\"collapse23557\" data-parent=\"#sp-ea-2355\" role=\"region\" aria-labelledby=\"ea-header-23557\"> <div class=\"ea-body\"><p>Wenn du mit \u201cworship night\u201d eine Versammlung mit viel Musik und Gebet meinst, kannst du diese ggf. im Programm finden.<\/p><\/div><\/div><\/div><div class=\"ea-card sp-ea-single\"><h3 class=\"ea-header\"><a class=\"collapsed\" id=\"ea-header-23558\" role=\"button\" data-sptoggle=\"spcollapse\" data-sptarget=\"#collapse23558\" aria-controls=\"collapse23558\" href=\"#\" aria-expanded=\"false\" tabindex=\"0\"><i aria-hidden=\"true\" role=\"presentation\" class=\"ea-expand-icon eap-icon-ea-expand-plus\"><\/i> Wird die Webseite auch auf Tschechisch \u00fcbersetzt?<\/a><\/h3><div class=\"sp-collapse spcollapse spcollapse\" id=\"collapse23558\" data-parent=\"#sp-ea-2355\" role=\"region\" aria-labelledby=\"ea-header-23558\"> <div class=\"ea-body\"><p>Leider k\u00f6nnen wir derzeit keine tschechische \u00dcbersetzung anbieten. Wende dich<br \/>bitte an unsere Gemeinde in Prag.<\/p><\/div><\/div><\/div><div class=\"ea-card sp-ea-single\"><h3 class=\"ea-header\"><a class=\"collapsed\" id=\"ea-header-23559\" role=\"button\" data-sptoggle=\"spcollapse\" data-sptarget=\"#collapse23559\" aria-controls=\"collapse23559\" href=\"#\" aria-expanded=\"false\" tabindex=\"0\"><i aria-hidden=\"true\" role=\"presentation\" class=\"ea-expand-icon eap-icon-ea-expand-plus\"><\/i> Kann ich mich abholen lassen?<\/a><\/h3><div class=\"sp-collapse spcollapse spcollapse\" id=\"collapse23559\" data-parent=\"#sp-ea-2355\" role=\"region\" aria-labelledby=\"ea-header-23559\"> <div class=\"ea-body\"><p>Wenn du vor der Konferenz ankommst, gibt es einen \u201ePickup-Service\u201c vom<br \/>Flughafen Prag zum Konferenzort. Du solltest uns bei der Registrierung auf deinen Bedarf hinweisen.<br \/>Wenn du sp\u00e4t oder am Bahnhof ankommst, kannst du einfach \u00f6ffentliche<br \/>Verkehrsmittel benutzen [n\u00e4here Hinweise werden folgen].<\/p><\/div><\/div><\/div><div class=\"ea-card sp-ea-single\"><h3 class=\"ea-header\"><a class=\"collapsed\" id=\"ea-header-235510\" role=\"button\" data-sptoggle=\"spcollapse\" data-sptarget=\"#collapse235510\" aria-controls=\"collapse235510\" href=\"#\" aria-expanded=\"false\" tabindex=\"0\"><i aria-hidden=\"true\" role=\"presentation\" class=\"ea-expand-icon eap-icon-ea-expand-plus\"><\/i> Welcher Name wird auf meinem Namensschild stehen?<\/a><\/h3><div class=\"sp-collapse spcollapse spcollapse\" id=\"collapse235510\" data-parent=\"#sp-ea-2355\" role=\"region\" aria-labelledby=\"ea-header-235510\"> <div class=\"ea-body\"><p>Bitte gib bei der Registrierung deinen Namen f\u00fcr das Namensschild ein. Danach kannst du den Eintrag nicht mehr \u00e4ndern. Bitte lies:<\/p><p><a href=\"https:\/\/ubf-esbc.org\/2024\/infos\/?uid=43&amp;mod=document&amp;pageid=1\">How to register for the Conference<\/a><\/p><\/div><\/div><\/div><\/div><\/div>\n","protected":false},"excerpt":{"rendered":"","protected":false},"author":23,"featured_media":0,"parent":0,"menu_order":0,"comment_status":"closed","ping_status":"closed","template":"","meta":{"saved_in_kubio":true,"footnotes":"","_links_to":"","_links_to_target":""},"class_list":["post-2468","page","type-page","status-publish","hentry"],"translation":{"provider":"WPGlobus","version":"3.0.2","language":"de","enabled_languages":["gb","de","ko"],"languages":{"gb":{"title":true,"content":true,"excerpt":false},"de":{"title":true,"content":true,"excerpt":false},"ko":{"title":true,"content":true,"excerpt":false}}},"kubio_ai_page_context":{"short_desc":"","purpose":"general"},"_links":{"self":[{"href":"https:\/\/ubf-esbc.org\/2024\/de\/wp-json\/wp\/v2\/pages\/2468","targetHints":{"allow":["GET"]}}],"collection":[{"href":"https:\/\/ubf-esbc.org\/2024\/de\/wp-json\/wp\/v2\/pages"}],"about":[{"href":"https:\/\/ubf-esbc.org\/2024\/de\/wp-json\/wp\/v2\/types\/page"}],"author":[{"embeddable":true,"href":"https:\/\/ubf-esbc.org\/2024\/de\/wp-json\/wp\/v2\/users\/23"}],"replies":[{"embeddable":true,"href":"https:\/\/ubf-esbc.org\/2024\/de\/wp-json\/wp\/v2\/comments?post=2468"}],"version-history":[{"count":0,"href":"https:\/\/ubf-esbc.org\/2024\/de\/wp-json\/wp\/v2\/pages\/2468\/revisions"}],"wp:attachment":[{"href":"https:\/\/ubf-esbc.org\/2024\/de\/wp-json\/wp\/v2\/media?parent=2468"}],"curies":[{"name":"wp","href":"https:\/\/api.w.org\/{rel}","templated":true}]}}