{"id":3,"date":"2023-11-22T22:38:11","date_gmt":"2023-11-22T22:38:11","guid":{"rendered":"https:\/\/ubf-esbc.org\/2024\/?page_id=3"},"modified":"2024-02-25T17:47:50","modified_gmt":"2024-02-25T16:47:50","slug":"privacy-policy","status":"publish","type":"page","link":"https:\/\/ubf-esbc.org\/2024\/de\/privacy-policy\/","title":{"rendered":"Datenschutzerkl\u00e4rung"},"content":{"rendered":"<p><strong>Wer wir sind<\/strong><\/p>\n<p>UBF \u2013 Verein f\u00fcr Universit\u00e4tsbibelfreundschaft Heidelberg e.V.<br \/>\nBlumenstr. 53, 69115 Heidelberg<br \/>\nTelefon: +49 (0) 6221 164786<br \/>\nE-Mail: esbcadm@ubf-esbc.org<br \/>\nVertreter: Reiner Schauwienold<br \/>\nLink zum Impressum: https:\/\/ubf-esbc.org\/2024\/imprint<br \/>\nDatenschutzbeauftragter: datenschutz@ubf-esbc.org<\/p>\n<p><strong>Kommentare<\/strong><\/p>\n<p>Wenn Besucher Kommentare auf der Website hinterlassen, erfassen wir die im Kommentarformular angezeigten Daten sowie die IP-Adresse des Besuchers und den User-Agent-String des Browsers, um die Spam-Erkennung zu unterst\u00fctzen.<\/p>\n<p>Eine aus Ihrer E-Mail-Adresse erstellte anonymisierte Zeichenfolge (auch Hash genannt) kann dem Gravatar-Dienst zur Verf\u00fcgung gestellt werden, um festzustellen, ob Sie ihn verwenden. Die Datenschutzrichtlinie des Gravatar-Dienstes finden Sie hier: https:\/\/automattic.com\/privacy\/. Nach Freigabe Ihres Kommentars ist Ihr Profilbild im Kontext Ihres Kommentars \u00f6ffentlich sichtbar.<\/p>\n<p><strong>Medien<\/strong><\/p>\n<p>Wenn Sie Bilder auf die Website hochladen, sollten Sie das Hochladen von Bildern mit eingebetteten Standortdaten (EXIF GPS) vermeiden. Besucher der Website k\u00f6nnen beliebige Standortdaten aus Bildern auf der Website herunterladen und extrahieren.<\/p>\n<p><strong>Cookies<\/strong><\/p>\n<p>Wenn Sie einen Kommentar auf unserer Website hinterlassen, k\u00f6nnen Sie der Speicherung Ihres Namens, Ihrer E-Mail-Adresse und Ihrer Website in Cookies zustimmen. Diese dienen Ihrer Bequemlichkeit, damit Sie Ihre Daten nicht erneut eingeben m\u00fcssen, wenn Sie einen weiteren Kommentar hinterlassen. Diese Cookies sind ein Jahr lang haltbar.<\/p>\n<p>Wenn Sie unsere Anmeldeseite besuchen, setzen wir ein tempor\u00e4res Cookie, um festzustellen, ob Ihr Browser Cookies akzeptiert. Dieses Cookie enth\u00e4lt keine personenbezogenen Daten und wird verworfen, wenn Sie Ihren Browser schlie\u00dfen.<\/p>\n<p>Wenn Sie sich anmelden, richten wir au\u00dferdem mehrere Cookies ein, um Ihre Anmeldeinformationen und Ihre Bildschirmanzeigeoptionen zu speichern. Anmelde-Cookies sind zwei Tage lang g\u00fcltig und Cookies f\u00fcr Bildschirmoptionen sind ein Jahr lang g\u00fcltig. Wenn Sie \u201eAngemeldet bleiben\u201c ausw\u00e4hlen, bleibt Ihr Login zwei Wochen lang bestehen. Wenn Sie sich von Ihrem Konto abmelden, werden die Anmeldecookies entfernt.<\/p>\n<p>Wenn Sie einen Artikel bearbeiten oder ver\u00f6ffentlichen, wird ein zus\u00e4tzlicher Cookie in Ihrem Browser gespeichert. Dieses Cookie enth\u00e4lt keine personenbezogenen Daten und gibt lediglich die Beitrags-ID des Artikels an, den Sie gerade bearbeitet haben. Es l\u00e4uft nach 1 Tag ab.<\/p>\n<p><strong>Eingebettete Inhalte von anderen Websites<\/strong><\/p>\n<p>Artikel auf dieser Website k\u00f6nnen eingebettete Inhalte enthalten (z. B. Videos, Bilder, Artikel usw.). Eingebettete Inhalte von anderen Websites verhalten sich genauso, als ob der Besucher die andere Website besucht h\u00e4tte.<\/p>\n<p>Diese Websites k\u00f6nnen Daten \u00fcber Sie sammeln, Cookies verwenden, zus\u00e4tzliches Tracking von Drittanbietern einbetten und Ihre Interaktion mit diesem eingebetteten Inhalt \u00fcberwachen, einschlie\u00dflich der Verfolgung Ihrer Interaktion mit dem eingebetteten Inhalt, wenn Sie \u00fcber ein Konto verf\u00fcgen und auf dieser Website angemeldet sind.<\/p>\n<p><strong>Mit wem wir Ihre Daten teilen<\/strong><\/p>\n<p>Wenn Sie eine Passwortzur\u00fccksetzung anfordern, wird Ihre IP-Adresse in die Zur\u00fccksetzungs-E-Mail aufgenommen.<\/p>\n<p><strong>Wie lange wir Ihre Daten aufbewahren<\/strong><\/p>\n<p>Wenn Sie einen Kommentar hinterlassen, bleiben der Kommentar und seine Metadaten auf unbestimmte Zeit erhalten. Auf diese Weise k\u00f6nnen wir Folgekommentare automatisch erkennen und genehmigen, anstatt sie in einer Moderationswarteschlange festzuhalten.<\/p>\n<p>F\u00fcr Nutzer, die sich auf unserer Website registrieren (falls vorhanden), speichern wir auch die von ihnen angegebenen personenbezogenen Daten in ihrem Nutzerprofil. Alle Benutzer k\u00f6nnen ihre pers\u00f6nlichen Daten jederzeit einsehen, bearbeiten oder l\u00f6schen (au\u00dfer dass sie ihren Benutzernamen nicht \u00e4ndern k\u00f6nnen). Website-Administratoren k\u00f6nnen diese Informationen auch sehen und bearbeiten.<\/p>\n<p><strong>Welche Rechte Sie an Ihren Daten haben<\/strong><\/p>\n<p>Wenn Sie ein Konto auf dieser Website haben oder Kommentare hinterlassen haben, k\u00f6nnen Sie den Erhalt einer exportierten Datei der personenbezogenen Daten anfordern, die wir \u00fcber Sie gespeichert haben, einschlie\u00dflich aller Daten, die Sie uns zur Verf\u00fcgung gestellt haben. Sie k\u00f6nnen auch verlangen, dass wir alle personenbezogenen Daten, die wir \u00fcber Sie gespeichert haben, l\u00f6schen. Hiervon ausgenommen sind Daten, zu deren Aufbewahrung wir aus administrativen, rechtlichen oder Sicherheitsgr\u00fcnden verpflichtet sind.<\/p>\n<p><strong>Wohin Ihre Daten gesendet werden<\/strong><\/p>\n<p>Besucherkommentare k\u00f6nnen durch einen automatisierten Spam-Erkennungsdienst \u00fcberpr\u00fcft werden.<\/p>\n<p>W\u00e4hrend des Bestellvorgangs in unserem Shop erfassen wir Informationen \u00fcber Sie.<\/p>\n<p><strong>Was wir sammeln und speichern<\/strong><\/p>\n<p>W\u00e4hrend Sie unsere Website besuchen, erfassen wir Folgendes:<\/p>\n<ul>\n<li>Produkte, die Sie sich angesehen haben: Wir verwenden dies beispielsweise, um Ihnen Produkte anzuzeigen, die Sie sich k\u00fcrzlich angesehen haben<\/li>\n<li>Standort, IP-Adresse und Browsertyp: Wir verwenden diese Daten f\u00fcr Zwecke wie die Sch\u00e4tzung von Steuern und Versandkosten<\/li>\n<li>Lieferadresse: Wir werden Sie bitten, diese einzugeben, damit wir beispielsweise den Versand absch\u00e4tzen k\u00f6nnen, bevor Sie eine Bestellung aufgeben, und Ihnen die Bestellung zusenden k\u00f6nnen!<\/li>\n<\/ul>\n<p>Wir verwenden Cookies auch, um den Warenkorbinhalt zu verfolgen, w\u00e4hrend Sie auf unserer Website surfen.<\/p>\n<p>Wenn Sie bei uns einkaufen, bitten wir Sie um die Angabe von Informationen wie Ihrem Namen, Ihrer Rechnungsadresse, Lieferadresse, E-Mail-Adresse, Telefonnummer, Kreditkarten-\/Zahlungsdetails und optionalen Kontoinformationen wie Benutzername und Passwort. Wir verwenden diese Informationen f\u00fcr folgende Zwecke:<\/p>\n<ul>\n<li>Ihnen Informationen zu Ihrem Konto und Ihrer Bestellung zu senden<\/li>\n<li>auf Ihre Anfragen, einschlie\u00dflich R\u00fcckerstattungen und Beschwerden zu reagieren<\/li>\n<li>Zahlungen und verhindern Sie Betrug zu verarbeiten<\/li>\n<li>Ihr Konto f\u00fcr unseren Shop einzurichten<\/li>\n<li>alle gesetzlichen Verpflichtungen, die wir haben, wie z. B. die Berechnung von Steuern zu befolgen<\/li>\n<li>unsere Shop-Angebote zu verbessern<\/li>\n<li>Ihnen Marketingnachrichten zu senden, wenn Sie sich daf\u00fcr entscheiden, diese zu erhalten<\/li>\n<\/ul>\n<p>Wenn Sie ein Konto erstellen, speichern wir Ihren Namen, Ihre Adresse, Ihre E-Mail-Adresse und Ihre Telefonnummer, die zum Ausf\u00fcllen des Bestellvorgangs f\u00fcr zuk\u00fcnftige Bestellungen verwendet werden.<\/p>\n<p>Im Allgemeinen speichern wir Informationen \u00fcber Sie so lange, wie wir sie f\u00fcr die Zwecke ben\u00f6tigen, f\u00fcr die wir sie sammeln und verwenden, und wir nicht gesetzlich dazu verpflichtet sind, sie weiterhin aufzubewahren. Beispielsweise speichern wir Bestellinformationen f\u00fcr 10 Jahre f\u00fcr Steuer- und Buchhaltungszwecke. Dazu geh\u00f6ren Ihr Name, Ihre E-Mail-Adresse sowie Rechnungs- und Lieferadressen.<\/p>\n<p>Wir speichern auch Kommentare oder Bewertungen, wenn Sie diese hinterlassen m\u00f6chten.<\/p>\n<p><strong>Wer in unserem Team hat Zugriff?<\/strong><\/p>\n<p>Mitglieder unseres Teams haben Zugriff auf die Informationen, die Sie uns zur Verf\u00fcgung stellen. Beispielsweise k\u00f6nnen sowohl Administratoren als auch Shop-Manager auf Folgendes zugreifen:<\/p>\n<ul>\n<li>Bestellinformationen, z. B. was gekauft wurde, wann es gekauft wurde und wohin es gesendet werden soll, und<\/li>\n<li>Kundeninformationen wie Ihr Name, Ihre E-Mail-Adresse sowie Rechnungs- und Versandinformationen.<\/li>\n<\/ul>\n<p>Unsere Teammitglieder haben Zugriff auf diese Informationen, um Bestellungen abzuwickeln, R\u00fcckerstattungen abzuwickeln und Sie zu unterst\u00fctzen.<\/p>\n<p><strong>Was wir mit anderen teilen<\/strong><\/p>\n<p>Wir geben Informationen an Dritte weiter, die uns bei der Bereitstellung unserer Bestellungen und Shop-Services f\u00fcr Sie unterst\u00fctzen. Zum Beispiel \u2014 CLARION CONGRESS HOTEL PRAGUE, Freyova 945\/33, 190 00 Praha 9-Vyso\u010dany, Czech Republic<\/p>\n<p><strong>Zahlungen<\/strong><\/p>\n<p>Wir akzeptieren Zahlungen per (inter)nationale Bank\u00fcberweisung auf das Bankkonto der University Bible Fellowship Prague von UniCredit Bank, \u017deletavska 1525\/1 Praha 4 Michle 140 92 Czech Republic.<\/p>\n<p><strong>Welche personenbezogenen Daten wir sammeln und warum wir sie sammeln<\/strong><\/p>\n<p><strong>Sicherheitsprotokolle<\/strong><\/p>\n<p>Die IP-Adresse der Besucher, die Benutzer-ID der angemeldeten Benutzer und der Benutzername der Anmeldeversuche werden bedingt protokolliert, um auf b\u00f6swillige Aktivit\u00e4ten zu pr\u00fcfen und die Website vor bestimmten Arten von Angriffen zu sch\u00fctzen. Beispiele f\u00fcr Bedingungen, unter denen eine Protokollierung erfolgt, sind Anmeldeversuche, Abmeldeanfragen, Anfragen nach verd\u00e4chtigen URLs, \u00c4nderungen am Website-Inhalt und Passwortaktualisierungen. Diese Informationen werden 60 Tage lang gespeichert.<\/p>\n<p><strong>Mit wem wir Ihre Daten teilen<\/strong><\/p>\n<p>Diese Website wird vom iThemes Site Scanner auf potenzielle Malware und Schwachstellen \u00fcberpr\u00fcft. Wir \u00fcbermitteln keine personenbezogenen Daten an den Scanner; Der Scanner k\u00f6nnte jedoch w\u00e4hrend des Scans \u00f6ffentlich ver\u00f6ffentlichte pers\u00f6nliche Informationen (z. B. in Kommentaren) finden.<\/p>\n<p>Wie lange wir Ihre Daten aufbewahren<\/p>\n<p>Sicherheitsprotokolle werden 60 Tage lang aufbewahrt.<\/p>\n<p><strong>Antispam Bee<\/strong><\/p>\n<p>Wir sammeln Informationen \u00fcber Besucher, die auf Websites kommentieren, die unseren Antispam-Bee-Dienst nutzen. Die von uns erfassten Informationen h\u00e4ngen davon ab, wie der Benutzer Antispam Bee f\u00fcr die Website einrichtet. Typischerweise umfassen sie jedoch die IP-Adresse, den Benutzeragenten, den Referrer und die Website-URL des Kommentators (zusammen mit anderen direkt vom Kommentator bereitgestellten Informationen wie Name, Benutzername, E-Mail-Adresse und der Kommentar selbst).<\/p>\n","protected":false},"excerpt":{"rendered":"<p>Wer wir sind UBF \u2013 Verein f\u00fcr Universit\u00e4tsbibelfreundschaft Heidelberg e.V. Blumenstr. 53, 69115 Heidelberg Telefon: +49 (0) 6221 164786 E-Mail: esbcadm@ubf-esbc.org Vertreter: Reiner Schauwienold Link zum Impressum: https:\/\/ubf-esbc.org\/2024\/imprint Datenschutzbeauftragter: datenschutz@ubf-esbc.org Kommentare Wenn Besucher Kommentare auf der Website hinterlassen, erfassen wir die im Kommentarformular angezeigten Daten sowie die IP-Adresse des Besuchers und den User-Agent-String des Browsers, [&hellip;]<\/p>\n","protected":false},"author":1,"featured_media":0,"parent":0,"menu_order":0,"comment_status":"closed","ping_status":"open","template":"","meta":{"saved_in_kubio":true,"footnotes":"","_links_to":"","_links_to_target":""},"class_list":["post-3","page","type-page","status-publish","hentry"],"translation":{"provider":"WPGlobus","version":"3.0.2","language":"de","enabled_languages":["gb","de","ko"],"languages":{"gb":{"title":true,"content":true,"excerpt":false},"de":{"title":true,"content":true,"excerpt":false},"ko":{"title":true,"content":true,"excerpt":false}}},"kubio_ai_page_context":{"short_desc":"","purpose":"general"},"_links":{"self":[{"href":"https:\/\/ubf-esbc.org\/2024\/de\/wp-json\/wp\/v2\/pages\/3","targetHints":{"allow":["GET"]}}],"collection":[{"href":"https:\/\/ubf-esbc.org\/2024\/de\/wp-json\/wp\/v2\/pages"}],"about":[{"href":"https:\/\/ubf-esbc.org\/2024\/de\/wp-json\/wp\/v2\/types\/page"}],"author":[{"embeddable":true,"href":"https:\/\/ubf-esbc.org\/2024\/de\/wp-json\/wp\/v2\/users\/1"}],"replies":[{"embeddable":true,"href":"https:\/\/ubf-esbc.org\/2024\/de\/wp-json\/wp\/v2\/comments?post=3"}],"version-history":[{"count":0,"href":"https:\/\/ubf-esbc.org\/2024\/de\/wp-json\/wp\/v2\/pages\/3\/revisions"}],"wp:attachment":[{"href":"https:\/\/ubf-esbc.org\/2024\/de\/wp-json\/wp\/v2\/media?parent=3"}],"curies":[{"name":"wp","href":"https:\/\/api.w.org\/{rel}","templated":true}]}}